

{"id":2802,"date":"2020-11-20T10:51:38","date_gmt":"2020-11-20T09:51:38","guid":{"rendered":"http:\/\/melodiarium.zti.hu\/team\/"},"modified":"2021-10-19T09:25:31","modified_gmt":"2021-10-19T07:25:31","slug":"team","status":"publish","type":"page","link":"http:\/\/melodiarium.zti.hu\/en\/team\/","title":{"rendered":"Team"},"content":{"rendered":"\r\n<h4>Former contributors<\/h4>\r\n<ul>\r\n<li>D\u00f3ra Czak\u00f3<\/li>\r\n<li>\u00c1gnes Papp<\/li>\r\n<li>Krisztina Rudolf<\/li>\r\n<li>Anna Sanda<\/li>\r\n<\/ul>\r\n","protected":false},"excerpt":{"rendered":"<p>Former contributors D\u00f3ra Czak\u00f3 \u00c1gnes Papp Krisztina Rudolf Anna Sanda [&#8230;]<\/p>\n<p><a class=\"btn btn-secondary melodiarium-read-more-link\" href=\"http:\/\/melodiarium.zti.hu\/en\/team\/\">Read More&#8230;<\/a><\/p>\n","protected":false},"author":1,"featured_media":0,"parent":0,"menu_order":6,"comment_status":"closed","ping_status":"closed","template":"page-templates\/page-team.php","meta":[],"_links":{"self":[{"href":"http:\/\/melodiarium.zti.hu\/en\/wp-json\/wp\/v2\/pages\/2802"}],"collection":[{"href":"http:\/\/melodiarium.zti.hu\/en\/wp-json\/wp\/v2\/pages"}],"about":[{"href":"http:\/\/melodiarium.zti.hu\/en\/wp-json\/wp\/v2\/types\/page"}],"author":[{"embeddable":true,"href":"http:\/\/melodiarium.zti.hu\/en\/wp-json\/wp\/v2\/users\/1"}],"replies":[{"embeddable":true,"href":"http:\/\/melodiarium.zti.hu\/en\/wp-json\/wp\/v2\/comments?post=2802"}],"version-history":[{"count":9,"href":"http:\/\/melodiarium.zti.hu\/en\/wp-json\/wp\/v2\/pages\/2802\/revisions"}],"predecessor-version":[{"id":2894,"href":"http:\/\/melodiarium.zti.hu\/en\/wp-json\/wp\/v2\/pages\/2802\/revisions\/2894"}],"wp:attachment":[{"href":"http:\/\/melodiarium.zti.hu\/en\/wp-json\/wp\/v2\/media?parent=2802"}],"curies":[{"name":"wp","href":"https:\/\/api.w.org\/{rel}","templated":true}]}}